{"id":51,"date":"2021-03-23T18:38:22","date_gmt":"2021-03-23T18:38:22","guid":{"rendered":"https:\/\/utbildning.checkat.it\/?page_id=51"},"modified":"2021-04-07T13:50:07","modified_gmt":"2021-04-07T13:50:07","slug":"mitt-konto","status":"publish","type":"page","link":"https:\/\/utbildning.checkat.it\/en\/mitt-konto\/","title":{"rendered":"My account"},"content":{"rendered":"<div data-elementor-type=\"wp-page\" data-elementor-id=\"51\" class=\"elementor elementor-51\" data-elementor-post-type=\"page\">\n\t\t\t\t\t\t<section class=\"elementor-section elementor-top-section elementor-element elementor-element-e7e5065 elementor-section-boxed elementor-section-height-default elementor-section-height-default\" data-id=\"e7e5065\" data-element_type=\"section\">\n\t\t\t\t\t\t<div class=\"elementor-container elementor-column-gap-default\">\n\t\t\t\t\t<div class=\"elementor-column elementor-col-100 elementor-top-column elementor-element elementor-element-9f8b673\" data-id=\"9f8b673\" data-element_type=\"column\">\n\t\t\t<div class=\"elementor-widget-wrap elementor-element-populated\">\n\t\t\t\t\t\t<div class=\"elementor-element elementor-element-903fd0c elementor-widget elementor-widget-heading\" data-id=\"903fd0c\" data-element_type=\"widget\" data-widget_type=\"heading.default\">\n\t\t\t\t<div class=\"elementor-widget-container\">\n\t\t\t<h2 class=\"elementor-heading-title elementor-size-default\">My account<\/h2>\t\t<\/div>\n\t\t\t\t<\/div>\n\t\t\t\t<div class=\"elementor-element elementor-element-b443604 elementor-widget elementor-widget-text-editor\" data-id=\"b443604\" data-element_type=\"widget\" data-widget_type=\"text-editor.default\">\n\t\t\t\t<div class=\"elementor-widget-container\">\n\t\t\t\t\t\t\t<p>Below you will find all the courses available to you. You must be logged in to see the courses. Click on an education to show which parts are available. To the right you can see which sections you have managed.<\/p><p>Do you have requests for educations that you think are missing? Welcome to contact us at <a href=\"mailto:kontakt@checkat-it.se\">kontakt@checkat-it.se<\/a>.<\/p><p>Are you missing a course or education that you think you should have? Contact support at <a href=\"mailto:support@checkat-it.se\">support@checkat-it.se<\/a>.<\/p>\t\t\t\t\t\t<\/div>\n\t\t\t\t<\/div>\n\t\t\t\t<div class=\"elementor-element elementor-element-6fbbe02 elementor-widget elementor-widget-shortcode\" data-id=\"6fbbe02\" data-element_type=\"widget\" data-widget_type=\"shortcode.default\">\n\t\t\t\t<div class=\"elementor-widget-container\">\n\t\t\t\t\t<div class=\"elementor-shortcode\"><div class=\"wpcw_fe_progress_box_wrap\"><div class=\"wpcw_fe_progress_box wpcw_fe_progress_box_error\">You need to be logged in to see your course progress.<\/div><\/div><\/div>\n\t\t\t\t<\/div>\n\t\t\t\t<\/div>\n\t\t\t\t\t<\/div>\n\t\t<\/div>\n\t\t\t\t\t<\/div>\n\t\t<\/section>\n\t\t\t\t<section class=\"elementor-section elementor-top-section elementor-element elementor-element-132ead77 elementor-section-boxed elementor-section-height-default elementor-section-height-default\" data-id=\"132ead77\" data-element_type=\"section\" data-settings=\"{&quot;background_background&quot;:&quot;classic&quot;}\">\n\t\t\t\t\t\t<div class=\"elementor-container elementor-column-gap-default\">\n\t\t\t\t\t<div class=\"elementor-column elementor-col-100 elementor-top-column elementor-element elementor-element-ed2822d\" data-id=\"ed2822d\" data-element_type=\"column\">\n\t\t\t<div class=\"elementor-widget-wrap elementor-element-populated\">\n\t\t\t\t\t\t<div class=\"elementor-element elementor-element-301b78d9 elementor-cta--skin-cover elementor-animated-content elementor-bg-transform elementor-bg-transform-zoom-in elementor-widget elementor-widget-call-to-action\" data-id=\"301b78d9\" data-element_type=\"widget\" data-widget_type=\"call-to-action.default\">\n\t\t\t\t<div class=\"elementor-widget-container\">\n\t\t\t\t\t<div class=\"elementor-cta\">\n\t\t\t\t\t<div class=\"elementor-cta__bg-wrapper\">\n\t\t\t\t<div class=\"elementor-cta__bg elementor-bg lazyload\" style=\"background-image:inherit;\" role=\"img\" aria-label=\"christian-lambert-xYVICrdGwIc-unsplash\" data-bg-image=\"url(https:\/\/utbildning.checkat.it\/wp-content\/uploads\/2021\/04\/christian-lambert-xYVICrdGwIc-unsplash-819x1024.jpg)\"><\/div>\n\t\t\t\t<div class=\"elementor-cta__bg-overlay\"><\/div>\n\t\t\t<\/div>\n\t\t\t\t\t\t\t<div class=\"elementor-cta__content\">\n\t\t\t\t\n\t\t\t\t\t\t\t\t\t<h2 class=\"elementor-cta__title elementor-cta__content-item elementor-content-item elementor-animated-item--grow\">\n\t\t\t\t\t\tInterested in learning more about Office 365, SharePoint or Teams?\t\t\t\t\t<\/h2>\n\t\t\t\t\n\t\t\t\t\t\t\t\t\t<div class=\"elementor-cta__description elementor-cta__content-item elementor-content-item elementor-animated-item--grow\">\n\t\t\t\t\t\tVisit our website to read more about the training and workshops we offer in Office 365 and Microsoft Teams.\t\t\t\t\t<\/div>\n\t\t\t\t\n\t\t\t\t\t\t\t\t\t<div class=\"elementor-cta__button-wrapper elementor-cta__content-item elementor-content-item elementor-animated-item--grow\">\n\t\t\t\t\t<a class=\"elementor-cta__button elementor-button elementor-size-\" href=\"https:\/\/checkat.it\">\n\t\t\t\t\t\tread more here\t\t\t\t\t<\/a>\n\t\t\t\t\t<\/div>\n\t\t\t\t\t\t\t<\/div>\n\t\t\t\t\t\t\t<div class=\"elementor-ribbon elementor-ribbon-left\">\n\t\t\t\t<div class=\"elementor-ribbon-inner\">Get started<\/div>\n\t\t\t<\/div>\n\t\t\t\t<\/div>\n\t\t\t\t<\/div>\n\t\t\t\t<\/div>\n\t\t\t\t\t<\/div>\n\t\t<\/div>\n\t\t\t\t\t<\/div>\n\t\t<\/section>\n\t\t\t\t<\/div>","protected":false},"excerpt":{"rendered":"<p>Mitt konto Nedan hittar du alla utbildningar som finns tillg\u00e4ngliga f\u00f6r dig. Du m\u00e5ste vara i inloggat l\u00e4ge f\u00f6r att se utbildningarna. Klicka p\u00e5 en utbildning f\u00f6r att visa vilka delar som finns. Till h\u00f6ger ser du vilka avsnitt du har klarat av. Har du \u00f6nskem\u00e5l om utbildningar som du tycker saknars? V\u00e4lkommen att h\u00f6ra [&hellip;]<\/p>","protected":false},"author":1,"featured_media":0,"parent":0,"menu_order":0,"comment_status":"closed","ping_status":"closed","template":"","meta":{"footnotes":""},"class_list":["post-51","page","type-page","status-publish","hentry"],"_links":{"self":[{"href":"https:\/\/utbildning.checkat.it\/en\/wp-json\/wp\/v2\/pages\/51"}],"collection":[{"href":"https:\/\/utbildning.checkat.it\/en\/wp-json\/wp\/v2\/pages"}],"about":[{"href":"https:\/\/utbildning.checkat.it\/en\/wp-json\/wp\/v2\/types\/page"}],"author":[{"embeddable":true,"href":"https:\/\/utbildning.checkat.it\/en\/wp-json\/wp\/v2\/users\/1"}],"replies":[{"embeddable":true,"href":"https:\/\/utbildning.checkat.it\/en\/wp-json\/wp\/v2\/comments?post=51"}],"version-history":[{"count":13,"href":"https:\/\/utbildning.checkat.it\/en\/wp-json\/wp\/v2\/pages\/51\/revisions"}],"predecessor-version":[{"id":165,"href":"https:\/\/utbildning.checkat.it\/en\/wp-json\/wp\/v2\/pages\/51\/revisions\/165"}],"wp:attachment":[{"href":"https:\/\/utbildning.checkat.it\/en\/wp-json\/wp\/v2\/media?parent=51"}],"curies":[{"name":"wp","href":"https:\/\/api.w.org\/{rel}","templated":true}]}}